{"id":270,"date":"2020-12-10T15:42:19","date_gmt":"2020-12-10T17:42:19","guid":{"rendered":"http:\/\/falletti.local\/?page_id=270"},"modified":"2024-07-18T15:27:15","modified_gmt":"2024-07-18T18:27:15","slug":"privacy-policy","status":"publish","type":"page","link":"https:\/\/fallettiadvogados.com.br\/en\/privacy-policy\/","title":{"rendered":"Privacy Policy","raw":"Privacy Policy"},"content":{"rendered":"<p>Under development.<\/p>\n","protected":false,"raw":"Under development."},"excerpt":{"rendered":"","protected":false,"raw":""},"author":1,"featured_media":0,"parent":0,"menu_order":0,"comment_status":"closed","ping_status":"closed","template":"","meta":{"_pt_post_content":"A presente Pol\u00edtica de Privacidade (\u201cPol\u00edtica\u201d) estabelece as regras de tratamento dos dados pessoais dos usu\u00e1rios do site institucional do Escrit\u00f3rio Falletti Advogados () e por meio dos demais canais de comunica\u00e7\u00e3o do Escrit\u00f3rio (telefone e e-mail), assim considerando os dados voluntariamente fornecidos pelo pr\u00f3prio usu\u00e1rio, como aqueles coletados automaticamente para otimiza\u00e7\u00e3o do funcionamento do site (cookies e tecnologias assemelhadas).\r\n\r\nO Escrit\u00f3rio Falletti Advogados declara que os dados pessoais a que tiver acesso somente ser\u00e3o tratados enquanto forem necess\u00e1rios e adequados para as finalidades que embasaram a coleta, sempre observando as bases legais do tratamento, e ficar\u00e3o armazenados enquanto necess\u00e1rios para cumprimento de obriga\u00e7\u00e3o legal ou regulat\u00f3ria, ao exerc\u00edcio regular de direito, ao interesse leg\u00edtimo ou, quando o caso, vigorar o consentimento ao tratamento.\r\n\r\nAs pr\u00e1ticas do Escrit\u00f3rio Falletti Advogados em privacidade respeitam o sigilo profissional inerente ao exerc\u00edcio da advocacia e est\u00e3o de acordo com a Lei Geral de Prote\u00e7\u00e3o de Dados (\u201cLei n.\u00ba 13.709\/18\u201d ou \u201cLGPD\u201d), sendo garantido aos usu\u00e1rios o exerc\u00edcio de suas prerrogativas legais relativo aos seus respectivos dados pessoais, inclusive, mas n\u00e3o exclusivamente:\r\n<ul>\r\n \t<li>Direito de confirma\u00e7\u00e3o da exist\u00eancia de tratamento de dados pessoais;<\/li>\r\n \t<li>Direito de acesso aos dados;<\/li>\r\n \t<li>Direito de corre\u00e7\u00e3o de dados incompletos, inexatos ou desatualizados;<\/li>\r\n \t<li>Direito \u00e0 anonimiza\u00e7\u00e3o, bloqueio ou elimina\u00e7\u00e3o de dados desnecess\u00e1rios, excessivos ou tratados em desconformidade com a LEI;<\/li>\r\n \t<li>Direito de garantia \u00e0 disponibilidade, a autenticidade, a integridade e a confidencialidade dos dados;<\/li>\r\n \t<li>Direito \u00e0 informa\u00e7\u00e3o das entidades p\u00fablicas e privadas com as quais houve uso compartilhado de dados;<\/li>\r\n \t<li>Direito \u00e0 informa\u00e7\u00e3o sobre a possibilidade de n\u00e3o fornecer o consentimento e sobre as consequ\u00eancias da negativa, e de revoga\u00e7\u00e3o do consentimento, nos termos da Lei.<\/li>\r\n<\/ul>\r\nO Escrit\u00f3rio Falletti Advogados n\u00e3o utiliza nenhuma tecnologia que possa ser considerada invasiva e os cookies coletados limitam-se \u00e0 informa\u00e7\u00e3o estat\u00edstica do uso do site, o que n\u00e3o torna poss\u00edvel a identifica\u00e7\u00e3o dos usu\u00e1rios do site. Caso prefira, o usu\u00e1rio poder\u00e1 optar por navegar pelo site utilizando guia an\u00f4nima ou desabilitar o uso de cookies diretamente em seu navegador.\r\n\r\nPara o exerc\u00edcio dos direitos de titular, ou para qualquer finalidade de contato com o Escrit\u00f3rio Falletti Advogados, contatar o Encarregado de Dados, Ciro Jos\u00e9 Callegaro (<a href=\"https:\/\/app.exeed.pro\/holder\/profile\/82580\">https:\/\/app.exeed.pro\/holder\/profile\/82580<\/a>), pelo e-mail <a href=\"mailto:ccallegaro@fallettiadvogados.com.br\">ccallegaro@fallettiadvogados.com.br<\/a>, ou pelo telefone 11 3198-7400, no hor\u00e1rio comercial.\r\n<p style=\"text-align: right;\">Vers\u00e3o 1.0_27\/03\/2021<\/p>","_pt_post_name":"politica-de-privacidade","_pt_post_excerpt":"","_pt_post_title":"Pol\u00edtica de Privacidade","_en_post_content":"Under development.","_en_post_name":"privacy-policy","_en_post_excerpt":"","_en_post_title":"Privacy Policy","edit_language":"en","footnotes":""},"class_list":["post-270","page","type-page","status-publish","hentry"],"yoast_head":"<!-- This site is optimized with the Yoast SEO plugin v26.3 - https:\/\/yoast.com\/wordpress\/plugins\/seo\/ -->\n<title>Pol\u00edtica de Privacidade &#8211; Falletti Advogados<\/title>\n<meta name=\"robots\" content=\"index, follow, max-snippet:-1, max-image-preview:large, max-video-preview:-1\" \/>\n<link rel=\"canonical\" href=\"https:\/\/fallettiadvogados.com.br\/politica-de-privacidade\/\" \/>\n<meta property=\"og:locale\" content=\"en_US\" \/>\n<meta property=\"og:type\" content=\"article\" \/>\n<meta property=\"og:title\" content=\"Pol\u00edtica de Privacidade &#8211; Falletti Advogados\" \/>\n<meta property=\"og:description\" content=\"Under development.\" \/>\n<meta property=\"og:url\" content=\"https:\/\/fallettiadvogados.com.br\/politica-de-privacidade\/\" \/>\n<meta property=\"og:site_name\" content=\"Falletti Advogados\" \/>\n<meta property=\"article:modified_time\" content=\"2024-07-18T18:27:15+00:00\" \/>\n<meta name=\"twitter:card\" content=\"summary_large_image\" \/>\n<meta name=\"twitter:label1\" content=\"Est. reading time\" \/>\n\t<meta name=\"twitter:data1\" content=\"2 minutes\" \/>\n<script type=\"application\/ld+json\" class=\"yoast-schema-graph\">{\"@context\":\"https:\/\/schema.org\",\"@graph\":[{\"@type\":\"WebPage\",\"@id\":\"https:\/\/fallettiadvogados.com.br\/politica-de-privacidade\/\",\"url\":\"https:\/\/fallettiadvogados.com.br\/politica-de-privacidade\/\",\"name\":\"Pol\u00edtica de Privacidade &#8211; Falletti Advogados\",\"isPartOf\":{\"@id\":\"https:\/\/fallettiadvogados.com.br\/#website\"},\"datePublished\":\"2020-12-10T17:42:19+00:00\",\"dateModified\":\"2024-07-18T18:27:15+00:00\",\"breadcrumb\":{\"@id\":\"https:\/\/fallettiadvogados.com.br\/politica-de-privacidade\/#breadcrumb\"},\"inLanguage\":\"en-US\",\"potentialAction\":[{\"@type\":\"ReadAction\",\"target\":[\"https:\/\/fallettiadvogados.com.br\/politica-de-privacidade\/\"]}]},{\"@type\":\"BreadcrumbList\",\"@id\":\"https:\/\/fallettiadvogados.com.br\/politica-de-privacidade\/#breadcrumb\",\"itemListElement\":[{\"@type\":\"ListItem\",\"position\":1,\"name\":\"Home\",\"item\":\"https:\/\/fallettiadvogados.com.br\/\"},{\"@type\":\"ListItem\",\"position\":2,\"name\":\"Pol\u00edtica de Privacidade\"}]},{\"@type\":\"WebSite\",\"@id\":\"https:\/\/fallettiadvogados.com.br\/#website\",\"url\":\"https:\/\/fallettiadvogados.com.br\/\",\"name\":\"Falletti Advogados\",\"description\":\"Legal Services of Excellence\",\"publisher\":{\"@id\":\"https:\/\/fallettiadvogados.com.br\/#organization\"},\"potentialAction\":[{\"@type\":\"SearchAction\",\"target\":{\"@type\":\"EntryPoint\",\"urlTemplate\":\"https:\/\/fallettiadvogados.com.br\/?s={search_term_string}\"},\"query-input\":{\"@type\":\"PropertyValueSpecification\",\"valueRequired\":true,\"valueName\":\"search_term_string\"}}],\"inLanguage\":\"en-US\"},{\"@type\":\"Organization\",\"@id\":\"https:\/\/fallettiadvogados.com.br\/#organization\",\"name\":\"Falletti Advogados\",\"url\":\"https:\/\/fallettiadvogados.com.br\/\",\"logo\":{\"@type\":\"ImageObject\",\"inLanguage\":\"en-US\",\"@id\":\"https:\/\/fallettiadvogados.com.br\/#\/schema\/logo\/image\/\",\"url\":\"https:\/\/fallettiadvogados.com.br\/wp-content\/uploads\/2021\/06\/logo-azul.png\",\"contentUrl\":\"https:\/\/fallettiadvogados.com.br\/wp-content\/uploads\/2021\/06\/logo-azul.png\",\"width\":2993,\"height\":910,\"caption\":\"Falletti Advogados\"},\"image\":{\"@id\":\"https:\/\/fallettiadvogados.com.br\/#\/schema\/logo\/image\/\"},\"sameAs\":[\"https:\/\/www.linkedin.com\/company\/falletti-advogados\/\"]}]}<\/script>\n<!-- \/ Yoast SEO plugin. -->","yoast_head_json":{"title":"Pol\u00edtica de Privacidade &#8211; Falletti Advogados","robots":{"index":"index","follow":"follow","max-snippet":"max-snippet:-1","max-image-preview":"max-image-preview:large","max-video-preview":"max-video-preview:-1"},"canonical":"https:\/\/fallettiadvogados.com.br\/politica-de-privacidade\/","og_locale":"en_US","og_type":"article","og_title":"Pol\u00edtica de Privacidade &#8211; Falletti Advogados","og_description":"Under development.","og_url":"https:\/\/fallettiadvogados.com.br\/politica-de-privacidade\/","og_site_name":"Falletti Advogados","article_modified_time":"2024-07-18T18:27:15+00:00","twitter_card":"summary_large_image","twitter_misc":{"Est. reading time":"2 minutes"},"schema":{"@context":"https:\/\/schema.org","@graph":[{"@type":"WebPage","@id":"https:\/\/fallettiadvogados.com.br\/politica-de-privacidade\/","url":"https:\/\/fallettiadvogados.com.br\/politica-de-privacidade\/","name":"Pol\u00edtica de Privacidade &#8211; Falletti Advogados","isPartOf":{"@id":"https:\/\/fallettiadvogados.com.br\/#website"},"datePublished":"2020-12-10T17:42:19+00:00","dateModified":"2024-07-18T18:27:15+00:00","breadcrumb":{"@id":"https:\/\/fallettiadvogados.com.br\/politica-de-privacidade\/#breadcrumb"},"inLanguage":"en-US","potentialAction":[{"@type":"ReadAction","target":["https:\/\/fallettiadvogados.com.br\/politica-de-privacidade\/"]}]},{"@type":"BreadcrumbList","@id":"https:\/\/fallettiadvogados.com.br\/politica-de-privacidade\/#breadcrumb","itemListElement":[{"@type":"ListItem","position":1,"name":"Home","item":"https:\/\/fallettiadvogados.com.br\/"},{"@type":"ListItem","position":2,"name":"Pol\u00edtica de Privacidade"}]},{"@type":"WebSite","@id":"https:\/\/fallettiadvogados.com.br\/#website","url":"https:\/\/fallettiadvogados.com.br\/","name":"Falletti Advogados","description":"Legal Services of Excellence","publisher":{"@id":"https:\/\/fallettiadvogados.com.br\/#organization"},"potentialAction":[{"@type":"SearchAction","target":{"@type":"EntryPoint","urlTemplate":"https:\/\/fallettiadvogados.com.br\/?s={search_term_string}"},"query-input":{"@type":"PropertyValueSpecification","valueRequired":true,"valueName":"search_term_string"}}],"inLanguage":"en-US"},{"@type":"Organization","@id":"https:\/\/fallettiadvogados.com.br\/#organization","name":"Falletti Advogados","url":"https:\/\/fallettiadvogados.com.br\/","logo":{"@type":"ImageObject","inLanguage":"en-US","@id":"https:\/\/fallettiadvogados.com.br\/#\/schema\/logo\/image\/","url":"https:\/\/fallettiadvogados.com.br\/wp-content\/uploads\/2021\/06\/logo-azul.png","contentUrl":"https:\/\/fallettiadvogados.com.br\/wp-content\/uploads\/2021\/06\/logo-azul.png","width":2993,"height":910,"caption":"Falletti Advogados"},"image":{"@id":"https:\/\/fallettiadvogados.com.br\/#\/schema\/logo\/image\/"},"sameAs":["https:\/\/www.linkedin.com\/company\/falletti-advogados\/"]}]}},"_links":{"self":[{"href":"https:\/\/fallettiadvogados.com.br\/en\/wp-json\/wp\/v2\/pages\/270","targetHints":{"allow":["GET"]}}],"collection":[{"href":"https:\/\/fallettiadvogados.com.br\/en\/wp-json\/wp\/v2\/pages"}],"about":[{"href":"https:\/\/fallettiadvogados.com.br\/en\/wp-json\/wp\/v2\/types\/page"}],"author":[{"embeddable":true,"href":"https:\/\/fallettiadvogados.com.br\/en\/wp-json\/wp\/v2\/users\/1"}],"replies":[{"embeddable":true,"href":"https:\/\/fallettiadvogados.com.br\/en\/wp-json\/wp\/v2\/comments?post=270"}],"version-history":[{"count":8,"href":"https:\/\/fallettiadvogados.com.br\/en\/wp-json\/wp\/v2\/pages\/270\/revisions"}],"predecessor-version":[{"id":1045,"href":"https:\/\/fallettiadvogados.com.br\/en\/wp-json\/wp\/v2\/pages\/270\/revisions\/1045"}],"wp:attachment":[{"href":"https:\/\/fallettiadvogados.com.br\/en\/wp-json\/wp\/v2\/media?parent=270"}],"curies":[{"name":"wp","href":"https:\/\/api.w.org\/{rel}","templated":true}]}}